{"id":18,"date":"2021-09-27T07:46:52","date_gmt":"2021-09-27T07:46:52","guid":{"rendered":"https:\/\/elgratx.com\/?page_id=18"},"modified":"2025-03-03T22:36:05","modified_gmt":"2025-03-03T22:36:05","slug":"el-gratx","status":"publish","type":"page","link":"https:\/\/elgratx.com\/es\/","title":{"rendered":"EL GRATX"},"content":{"rendered":"<p>El Gratx somos un taller de serigraf\u00eda artesanal ubicado en Hospitalet de Llobregat. Especializadas en la estampaci\u00f3n sobre textil y papel, facilitamos la producci\u00f3n de tus proyectos. Al mismo tiempo, ofrecemos el espacio para que puedas venir a estampar t\u00fa misma.<\/p>\n<h3>COWORKING<\/h3>\n<p>\t\t\t\t\t\t\t\t\t\t\t\t\t\t\t\t<a href=\"https:\/\/elgratx.com\/coworking\"><br \/>\n\t\t\t\t\t\t\t<img decoding=\"async\" src=\"https:\/\/elgratx.com\/wp-content\/uploads\/elementor\/thumbs\/coworkingfiltro2-scaled-pz3qx5fm92yufkiy0vb3i53bzxgpnqjnv1gp67vnuw.jpg\" title=\"coworkingfiltro2\" alt=\"coworkingfiltro2\" loading=\"lazy\" \/>\t\t\t\t\t\t\t\t<\/a><\/p>\n<h3>ALQUILER POR HORAS<\/h3>\n<p>\t\t\t\t\t\t\t\t\t\t\t\t\t\t\t\t<a href=\"https:\/\/elgratx.com\/alquiler-por-horas\"><br \/>\n\t\t\t\t\t\t\t<img decoding=\"async\" src=\"https:\/\/elgratx.com\/wp-content\/uploads\/elementor\/thumbs\/lloguerhoresfiltro-scaled-pz3pspfm6plovl9v6vxzpuibu2t5gkzfyuxksluhl4.jpg\" title=\"lloguerhoresfiltro\" alt=\"lloguerhoresfiltro\" loading=\"lazy\" \/>\t\t\t\t\t\t\t\t<\/a><\/p>\n<h3>CURSOS<\/h3>\n<p>\t\t\t\t\t\t\t\t\t\t\t\t\t\t\t\t<a href=\"https:\/\/elgratx.com\/categoria-producto\/cursos\/\"><br \/>\n\t\t\t\t\t\t\t<img decoding=\"async\" src=\"https:\/\/elgratx.com\/wp-content\/uploads\/elementor\/thumbs\/cursosfiltro-pz3ptb1wjwfaamegonaet71xhxuldmd9ptxqtyyfm0.jpg\" title=\"cursosfiltro\" alt=\"cursosfiltro\" loading=\"lazy\" \/>\t\t\t\t\t\t\t\t<\/a><\/p>\n<h3>SERVICIOS<\/h3>\n<p>\t\t\t\t\t\t\t\t\t\t\t\t\t\t\t\t<a href=\"https:\/\/elgratx.com\/servicios\"><br \/>\n\t\t\t\t\t\t\t<img decoding=\"async\" src=\"https:\/\/elgratx.com\/wp-content\/uploads\/elementor\/thumbs\/serveisfiltro-1-scaled-pz3rffen53zk6lz7arpxzj1ztndnbv3rpi4l3ws2vc.jpg\" title=\"serveisfiltro\" alt=\"serveisfiltro\" loading=\"lazy\" \/>\t\t\t\t\t\t\t\t<\/a><\/p>\n<h3>GALER\u00cdA<\/h3>\n<p>\t\t\t\t\t\t\t\t\t\t\t\t\t\t\t\t<a href=\"https:\/\/elgratx.com\/galeria\"><br \/>\n\t\t\t\t\t\t\t<img decoding=\"async\" src=\"https:\/\/elgratx.com\/wp-content\/uploads\/elementor\/thumbs\/galeriafiltro-3-pz3ra0u1uel7fbttuxm65e5kuw0o2inbyr32rmsknc.jpg\" title=\"galeriafiltro\" alt=\"galeriafiltro\" loading=\"lazy\" \/>\t\t\t\t\t\t\t\t<\/a><\/p>\n<h3>TIENDA<\/h3>\n<p>\t\t\t\t\t\t\t\t\t\t\t\t\t\t\t\t<a href=\"https:\/\/elgratx.com\/tienda\/\"><br \/>\n\t\t\t\t\t\t\t<img decoding=\"async\" src=\"https:\/\/elgratx.com\/wp-content\/uploads\/elementor\/thumbs\/botigafiltro-2-scaled-pz3qbosa79l5c3p9clbrkk2fp78zwjcawt7korp9xk.jpg\" title=\"botigafiltro\" alt=\"botigafiltro\" loading=\"lazy\" \/>\t\t\t\t\t\t\t\t<\/a><\/p>\n<h3>CONTACTO<\/h3>\n<p>\t\t\t\t\t\t\t\t\t\t\t\t\t\t\t\t<a href=\"https:\/\/elgratx.com\/contacto\"><br \/>\n\t\t\t\t\t\t\t<img decoding=\"async\" src=\"https:\/\/elgratx.com\/wp-content\/uploads\/elementor\/thumbs\/contactefiltro-1-scaled-pz3q6vtz9r0dzuoheiketrpmeaxgk89ox168dutpqg.jpg\" title=\"contactefiltro\" alt=\"contactefiltro\" loading=\"lazy\" \/>\t\t\t\t\t\t\t\t<\/a><\/p>\n","protected":false},"excerpt":{"rendered":"<p>El Gratx somos un taller de serigraf\u00eda artesanal ubicado en Hospitalet de Llobregat. Especializadas en la estampaci\u00f3n sobre textil y papel, facilitamos la producci\u00f3n de tus proyectos. Al mismo tiempo, ofrecemos el espacio para que puedas venir a estampar t\u00fa misma. COWORKING ALQUILER POR HORAS CURSOS SERVICIOS GALER\u00cdA TIENDA CONTACTO<\/p>\n","protected":false},"author":1,"featured_media":0,"parent":0,"menu_order":0,"comment_status":"closed","ping_status":"closed","template":"elementor_header_footer","meta":{"ocean_post_layout":"","ocean_both_sidebars_style":"","ocean_both_sidebars_content_width":0,"ocean_both_sidebars_sidebars_width":0,"ocean_sidebar":"0","ocean_second_sidebar":"0","ocean_disable_margins":"enable","ocean_add_body_class":"","ocean_shortcode_before_top_bar":"","ocean_shortcode_after_top_bar":"","ocean_shortcode_before_header":"","ocean_shortcode_after_header":"","ocean_has_shortcode":"","ocean_shortcode_after_title":"","ocean_shortcode_before_footer_widgets":"","ocean_shortcode_after_footer_widgets":"","ocean_shortcode_before_footer_bottom":"","ocean_shortcode_after_footer_bottom":"","ocean_display_top_bar":"default","ocean_display_header":"default","ocean_header_style":"","ocean_center_header_left_menu":"0","ocean_custom_header_template":"0","ocean_custom_logo":0,"ocean_custom_retina_logo":0,"ocean_custom_logo_max_width":0,"ocean_custom_logo_tablet_max_width":0,"ocean_custom_logo_mobile_max_width":0,"ocean_custom_logo_max_height":0,"ocean_custom_logo_tablet_max_height":0,"ocean_custom_logo_mobile_max_height":0,"ocean_header_custom_menu":"0","ocean_menu_typo_font_family":"0","ocean_menu_typo_font_subset":"","ocean_menu_typo_font_size":0,"ocean_menu_typo_font_size_tablet":0,"ocean_menu_typo_font_size_mobile":0,"ocean_menu_typo_font_size_unit":"px","ocean_menu_typo_font_weight":"","ocean_menu_typo_font_weight_tablet":"","ocean_menu_typo_font_weight_mobile":"","ocean_menu_typo_transform":"","ocean_menu_typo_transform_tablet":"","ocean_menu_typo_transform_mobile":"","ocean_menu_typo_line_height":0,"ocean_menu_typo_line_height_tablet":0,"ocean_menu_typo_line_height_mobile":0,"ocean_menu_typo_line_height_unit":"","ocean_menu_typo_spacing":0,"ocean_menu_typo_spacing_tablet":0,"ocean_menu_typo_spacing_mobile":0,"ocean_menu_typo_spacing_unit":"","ocean_menu_link_color":"","ocean_menu_link_color_hover":"","ocean_menu_link_color_active":"","ocean_menu_link_background":"","ocean_menu_link_hover_background":"","ocean_menu_link_active_background":"","ocean_menu_social_links_bg":"","ocean_menu_social_hover_links_bg":"","ocean_menu_social_links_color":"","ocean_menu_social_hover_links_color":"","ocean_disable_title":"on","ocean_disable_heading":"default","ocean_post_title":"","ocean_post_subheading":"","ocean_post_title_style":"","ocean_post_title_background_color":"","ocean_post_title_background":0,"ocean_post_title_bg_image_position":"","ocean_post_title_bg_image_attachment":"","ocean_post_title_bg_image_repeat":"","ocean_post_title_bg_image_size":"","ocean_post_title_height":0,"ocean_post_title_bg_overlay":0.5,"ocean_post_title_bg_overlay_color":"","ocean_disable_breadcrumbs":"default","ocean_breadcrumbs_color":"","ocean_breadcrumbs_separator_color":"","ocean_breadcrumbs_links_color":"","ocean_breadcrumbs_links_hover_color":"","ocean_display_footer_widgets":"default","ocean_display_footer_bottom":"default","ocean_custom_footer_template":"0","footnotes":""},"class_list":["post-18","page","type-page","status-publish","hentry","entry","owp-thumbs-layout-horizontal","owp-btn-normal","owp-tabs-layout-section","has-no-thumbnails","has-product-nav"],"_links":{"self":[{"href":"https:\/\/elgratx.com\/es\/wp-json\/wp\/v2\/pages\/18","targetHints":{"allow":["GET"]}}],"collection":[{"href":"https:\/\/elgratx.com\/es\/wp-json\/wp\/v2\/pages"}],"about":[{"href":"https:\/\/elgratx.com\/es\/wp-json\/wp\/v2\/types\/page"}],"author":[{"embeddable":true,"href":"https:\/\/elgratx.com\/es\/wp-json\/wp\/v2\/users\/1"}],"replies":[{"embeddable":true,"href":"https:\/\/elgratx.com\/es\/wp-json\/wp\/v2\/comments?post=18"}],"version-history":[{"count":145,"href":"https:\/\/elgratx.com\/es\/wp-json\/wp\/v2\/pages\/18\/revisions"}],"predecessor-version":[{"id":2354,"href":"https:\/\/elgratx.com\/es\/wp-json\/wp\/v2\/pages\/18\/revisions\/2354"}],"wp:attachment":[{"href":"https:\/\/elgratx.com\/es\/wp-json\/wp\/v2\/media?parent=18"}],"curies":[{"name":"wp","href":"https:\/\/api.w.org\/{rel}","templated":true}]}}