{"id":337,"date":"2021-09-27T10:10:29","date_gmt":"2021-09-27T10:10:29","guid":{"rendered":"https:\/\/elgratx.com\/?page_id=337"},"modified":"2024-08-19T14:57:31","modified_gmt":"2024-08-19T14:57:31","slug":"alquiler-por-horas","status":"publish","type":"page","link":"https:\/\/elgratx.com\/es\/alquiler-por-horas\/","title":{"rendered":"ALQUILER POR HORAS"},"content":{"rendered":"<h2>ALQUILER POR HORAS<\/h2>\n<p>\t\t\t\t\t\t\t\t\t\t\t\t<img decoding=\"async\" width=\"853\" height=\"659\" src=\"https:\/\/elgratx.com\/wp-content\/uploads\/2021\/09\/ven_a_estampar.jpg\" alt=\"\" loading=\"lazy\" srcset=\"https:\/\/elgratx.com\/wp-content\/uploads\/2021\/09\/ven_a_estampar.jpg 853w, https:\/\/elgratx.com\/wp-content\/uploads\/2021\/09\/ven_a_estampar-300x232.jpg 300w, https:\/\/elgratx.com\/wp-content\/uploads\/2021\/09\/ven_a_estampar-768x593.jpg 768w, https:\/\/elgratx.com\/wp-content\/uploads\/2021\/09\/ven_a_estampar-600x464.jpg 600w\" sizes=\"auto, (max-width: 853px) 100vw, 853px\" \/>\t\t\t\t\t\t\t\t\t\t\t\t\t\t<\/p>\n<h3>SERIGRAF\u00cdA<\/h3>\n<h3>\u00a1VEN A ESTAMPAR!<\/h3>\n<p>DA VIDA A TUS PROYECTOS en el taller de estampaci\u00f3n del Gratx.<br \/>Incluye todo lo necesario:<\/p>\n<ul>\n<li>\n\t\t\t\t\t\t\t\t\t\tTINTAS CMYK+BLANCO para textil y papel\n\t\t\t\t\t\t\t\t\t<\/li>\n<li>\n\t\t\t\t\t\t\t\t\t\tUSO DE MAQUINARIA Y HERRAMIENTAS (insoladora, dos pulpos, pica de lavado, rack de secado, bisagras de estampaci\u00f3n, racletas, pistola de calor\u2026)\n\t\t\t\t\t\t\t\t\t<\/li>\n<li>\n\t\t\t\t\t\t\t\t\t\tUSO DE UNA PANTALLA por sesi\u00f3n (emulsionado + recuperado)\n\t\t\t\t\t\t\t\t\t<\/li>\n<\/ul>\n<p><strong>Adicionalmente\u2026<\/strong><\/p>\n<ul>\n<li aria-level=\"1\"><strong>\u00a1P\u00eddenos el TEXTIL BASE que necesites estampar y lo tendremos listo para cuando llegues!<\/strong><\/li>\n<\/ul>\n<ul>\n<li aria-level=\"1\"><b>Si quieres una PANTALLA NUEVA para quedartela luego, haznoslo saber y te la proporcionamos.<\/b><\/li>\n<\/ul>\n<ul>\n<li aria-level=\"1\"><b>Si necesitas m\u00e1s pantallas puedes alquilarlas en cada sesi\u00f3n (15\u20ac\/uso + emulsionado + recuperado).&nbsp;<\/b><\/li>\n<\/ul>\n<ul>\n<li aria-level=\"1\"><b>Impresi\u00f3n de FOTOLITOS: A4: 5\u20ac, A3: 7\u20ac<\/b><\/li>\n<\/ul>\n<h6>Para optimizar tu tiempo en el taller nos encargamos del emulsionado y recuperado de las pantallas.<\/h6>\n<h6>Se requiere un m\u00ednimo conocimiento de serigraf\u00eda, aunque puedes consultarnos si tienes alguna duda. Puedes optar a nuestro acompa\u00f1amiento por un suplemento (10\u20ac\/hora) o un curso personalizado a tu nivel.<\/h6>\n<p>\t\t\t\t\t\t\t\t\t\t\t\t<img decoding=\"async\" width=\"1865\" height=\"1269\" src=\"https:\/\/elgratx.com\/wp-content\/uploads\/2022\/11\/thumbnail_15Ehora.png\" alt=\"\" loading=\"lazy\" srcset=\"https:\/\/elgratx.com\/wp-content\/uploads\/2022\/11\/thumbnail_15Ehora.png 1865w, https:\/\/elgratx.com\/wp-content\/uploads\/2022\/11\/thumbnail_15Ehora-300x204.png 300w, https:\/\/elgratx.com\/wp-content\/uploads\/2022\/11\/thumbnail_15Ehora-1024x697.png 1024w, https:\/\/elgratx.com\/wp-content\/uploads\/2022\/11\/thumbnail_15Ehora-768x523.png 768w, https:\/\/elgratx.com\/wp-content\/uploads\/2022\/11\/thumbnail_15Ehora-1536x1045.png 1536w, https:\/\/elgratx.com\/wp-content\/uploads\/2022\/11\/thumbnail_15Ehora-600x408.png 600w\" sizes=\"auto, (max-width: 1865px) 100vw, 1865px\" \/><br \/>\n\t\t\t\t\t\t\t\t\t\t\t\t\t<a href=\"mailto:elgratx.lh@gmail.com\"><br \/>\n\t\t\t\t\t\t\t<img decoding=\"async\" width=\"555\" height=\"210\" src=\"https:\/\/elgratx.com\/wp-content\/uploads\/2021\/09\/6.png\" alt=\"\" loading=\"lazy\" srcset=\"https:\/\/elgratx.com\/wp-content\/uploads\/2021\/09\/6.png 555w, https:\/\/elgratx.com\/wp-content\/uploads\/2021\/09\/6-300x114.png 300w\" sizes=\"auto, (max-width: 555px) 100vw, 555px\" \/>\t\t\t\t\t\t\t\t<\/a><\/p>\n","protected":false},"excerpt":{"rendered":"<p>ALQUILER POR HORAS SERIGRAF\u00cdA \u00a1VEN A ESTAMPAR! DA VIDA A TUS PROYECTOS en el taller de estampaci\u00f3n del Gratx.Incluye todo lo necesario: TINTAS CMYK+BLANCO para textil y papel USO DE MAQUINARIA Y HERRAMIENTAS (insoladora, dos pulpos, pica de lavado, rack de secado, bisagras de estampaci\u00f3n, racletas, pistola de calor\u2026) USO DE UNA PANTALLA por sesi\u00f3n [&hellip;]<\/p>\n","protected":false},"author":1,"featured_media":0,"parent":0,"menu_order":0,"comment_status":"closed","ping_status":"closed","template":"elementor_header_footer","meta":{"ocean_post_layout":"","ocean_both_sidebars_style":"","ocean_both_sidebars_content_width":0,"ocean_both_sidebars_sidebars_width":0,"ocean_sidebar":"0","ocean_second_sidebar":"0","ocean_disable_margins":"enable","ocean_add_body_class":"","ocean_shortcode_before_top_bar":"","ocean_shortcode_after_top_bar":"","ocean_shortcode_before_header":"","ocean_shortcode_after_header":"","ocean_has_shortcode":"","ocean_shortcode_after_title":"","ocean_shortcode_before_footer_widgets":"","ocean_shortcode_after_footer_widgets":"","ocean_shortcode_before_footer_bottom":"","ocean_shortcode_after_footer_bottom":"","ocean_display_top_bar":"default","ocean_display_header":"default","ocean_header_style":"","ocean_center_header_left_menu":"0","ocean_custom_header_template":"0","ocean_custom_logo":0,"ocean_custom_retina_logo":0,"ocean_custom_logo_max_width":0,"ocean_custom_logo_tablet_max_width":0,"ocean_custom_logo_mobile_max_width":0,"ocean_custom_logo_max_height":0,"ocean_custom_logo_tablet_max_height":0,"ocean_custom_logo_mobile_max_height":0,"ocean_header_custom_menu":"0","ocean_menu_typo_font_family":"0","ocean_menu_typo_font_subset":"","ocean_menu_typo_font_size":0,"ocean_menu_typo_font_size_tablet":0,"ocean_menu_typo_font_size_mobile":0,"ocean_menu_typo_font_size_unit":"px","ocean_menu_typo_font_weight":"","ocean_menu_typo_font_weight_tablet":"","ocean_menu_typo_font_weight_mobile":"","ocean_menu_typo_transform":"","ocean_menu_typo_transform_tablet":"","ocean_menu_typo_transform_mobile":"","ocean_menu_typo_line_height":0,"ocean_menu_typo_line_height_tablet":0,"ocean_menu_typo_line_height_mobile":0,"ocean_menu_typo_line_height_unit":"","ocean_menu_typo_spacing":0,"ocean_menu_typo_spacing_tablet":0,"ocean_menu_typo_spacing_mobile":0,"ocean_menu_typo_spacing_unit":"","ocean_menu_link_color":"","ocean_menu_link_color_hover":"","ocean_menu_link_color_active":"","ocean_menu_link_background":"","ocean_menu_link_hover_background":"","ocean_menu_link_active_background":"","ocean_menu_social_links_bg":"","ocean_menu_social_hover_links_bg":"","ocean_menu_social_links_color":"","ocean_menu_social_hover_links_color":"","ocean_disable_title":"on","ocean_disable_heading":"default","ocean_post_title":"","ocean_post_subheading":"","ocean_post_title_style":"","ocean_post_title_background_color":"","ocean_post_title_background":0,"ocean_post_title_bg_image_position":"","ocean_post_title_bg_image_attachment":"","ocean_post_title_bg_image_repeat":"","ocean_post_title_bg_image_size":"","ocean_post_title_height":0,"ocean_post_title_bg_overlay":0.5,"ocean_post_title_bg_overlay_color":"","ocean_disable_breadcrumbs":"default","ocean_breadcrumbs_color":"","ocean_breadcrumbs_separator_color":"","ocean_breadcrumbs_links_color":"","ocean_breadcrumbs_links_hover_color":"","ocean_display_footer_widgets":"default","ocean_display_footer_bottom":"default","ocean_custom_footer_template":"0","footnotes":""},"class_list":["post-337","page","type-page","status-publish","hentry","entry","owp-thumbs-layout-horizontal","owp-btn-normal","owp-tabs-layout-section","has-no-thumbnails","has-product-nav"],"_links":{"self":[{"href":"https:\/\/elgratx.com\/es\/wp-json\/wp\/v2\/pages\/337","targetHints":{"allow":["GET"]}}],"collection":[{"href":"https:\/\/elgratx.com\/es\/wp-json\/wp\/v2\/pages"}],"about":[{"href":"https:\/\/elgratx.com\/es\/wp-json\/wp\/v2\/types\/page"}],"author":[{"embeddable":true,"href":"https:\/\/elgratx.com\/es\/wp-json\/wp\/v2\/users\/1"}],"replies":[{"embeddable":true,"href":"https:\/\/elgratx.com\/es\/wp-json\/wp\/v2\/comments?post=337"}],"version-history":[{"count":174,"href":"https:\/\/elgratx.com\/es\/wp-json\/wp\/v2\/pages\/337\/revisions"}],"predecessor-version":[{"id":2181,"href":"https:\/\/elgratx.com\/es\/wp-json\/wp\/v2\/pages\/337\/revisions\/2181"}],"wp:attachment":[{"href":"https:\/\/elgratx.com\/es\/wp-json\/wp\/v2\/media?parent=337"}],"curies":[{"name":"wp","href":"https:\/\/api.w.org\/{rel}","templated":true}]}}