{"id":555,"date":"2021-09-27T14:16:26","date_gmt":"2021-09-27T14:16:26","guid":{"rendered":"https:\/\/elgratx.com\/?page_id=555"},"modified":"2022-12-13T15:28:33","modified_gmt":"2022-12-13T15:28:33","slug":"galeria","status":"publish","type":"page","link":"https:\/\/elgratx.com\/es\/galeria\/","title":{"rendered":"GALERIA"},"content":{"rendered":"<h2>GALER\u00cdA<\/h2>\n<p>\t\t\t\t\t\t\t<a href=\"https:\/\/elgratx.com\/wp-content\/uploads\/2021\/09\/galeria-1-scaled.jpeg\" data-elementor-open-lightbox=\"yes\" data-elementor-lightbox-slideshow=\"f02a98a\" e-action-hash=\"#elementor-action%3Aaction%3Dlightbox%26settings%3DeyJpZCI6NTU5LCJ1cmwiOiJodHRwczpcL1wvZWxncmF0eC5jb21cL3dwLWNvbnRlbnRcL3VwbG9hZHNcLzIwMjFcLzA5XC9nYWxlcmlhLTEtc2NhbGVkLmpwZWciLCJzbGlkZXNob3ciOiJmMDJhOThhIn0%3D\"><br \/>\n\t\t<\/a><br \/>\n\t\t\t\t\t\t\t<a href=\"https:\/\/elgratx.com\/wp-content\/uploads\/2021\/09\/galeria-2-scaled.jpeg\" data-elementor-open-lightbox=\"yes\" data-elementor-lightbox-slideshow=\"f02a98a\" e-action-hash=\"#elementor-action%3Aaction%3Dlightbox%26settings%3DeyJpZCI6NTYxLCJ1cmwiOiJodHRwczpcL1wvZWxncmF0eC5jb21cL3dwLWNvbnRlbnRcL3VwbG9hZHNcLzIwMjFcLzA5XC9nYWxlcmlhLTItc2NhbGVkLmpwZWciLCJzbGlkZXNob3ciOiJmMDJhOThhIn0%3D\"><br \/>\n\t\t<\/a><br \/>\n\t\t\t\t\t\t\t\t\t\t\t\t\t\tAnterior<br \/>\n\t\t\t\t\t\t\t\t\t\t\t\t\t\tSiguiente<\/p>\n<p>La <strong>galer\u00eda del Gratx<\/strong> es un espacio expositivo y de eventos que nace con la voluntad de poner en com\u00fan el panorama actual en todos los \u00e1mbitos de la creatividad.<\/p>\n<p>Una sala <strong>l\u00edquida y modelable<\/strong>, donde <strong>el arte se acerca a todo el p\u00fablico<\/strong>, no solo a la esfera convencional. Un espacio de encuentro construido con el objetivo de <strong>compartir proyectos y crear sinergias<\/strong>.<br \/>Es el espacio en que concentramos la ebullici\u00f3n creativa que se engendra en el Gratx, para que todo el mundo a quien le atrae lo que pasa aqu\u00ed pueda ser part\u00edcipe y disfrutarlo. Acogemos tanto exposiciones de larga duraci\u00f3n como acontecimientos, encuentros o showrooms de pocas horas.<\/p>\n<p>La galer\u00eda abri\u00f3 las puertas el junio de 2021 con la muestra colectiva de fotograf\u00eda anal\u00f3gica \u00abUn pas enrere\u00bb, despu\u00e9s de haber estado con la persiana bajada durante m\u00e1s de cuarenta a\u00f1os desde su \u00faltimo uso: <strong>el taller mec\u00e1nico Bellavista<\/strong>.<\/p>\n<p><strong>\u00a1Queremos que pasen cosas!<\/strong><\/p>\n<p>\t\t\t<a href=\"https:\/\/elgratx.com\/coworking\/contacto\" role=\"button\"><br \/>\n\t\t\t\t\t\tCONTACTO<br \/>\n\t\t\t\t\t<\/a><\/p>\n","protected":false},"excerpt":{"rendered":"<p>GALER\u00cdA Anterior Siguiente La galer\u00eda del Gratx es un espacio expositivo y de eventos que nace con la voluntad de poner en com\u00fan el panorama actual en todos los \u00e1mbitos de la creatividad. Una sala l\u00edquida y modelable, donde el arte se acerca a todo el p\u00fablico, no solo a la esfera convencional. Un espacio [&hellip;]<\/p>\n","protected":false},"author":1,"featured_media":0,"parent":0,"menu_order":0,"comment_status":"closed","ping_status":"closed","template":"elementor_header_footer","meta":{"ocean_post_layout":"","ocean_both_sidebars_style":"","ocean_both_sidebars_content_width":0,"ocean_both_sidebars_sidebars_width":0,"ocean_sidebar":"0","ocean_second_sidebar":"0","ocean_disable_margins":"enable","ocean_add_body_class":"","ocean_shortcode_before_top_bar":"","ocean_shortcode_after_top_bar":"","ocean_shortcode_before_header":"","ocean_shortcode_after_header":"","ocean_has_shortcode":"","ocean_shortcode_after_title":"","ocean_shortcode_before_footer_widgets":"","ocean_shortcode_after_footer_widgets":"","ocean_shortcode_before_footer_bottom":"","ocean_shortcode_after_footer_bottom":"","ocean_display_top_bar":"default","ocean_display_header":"default","ocean_header_style":"","ocean_center_header_left_menu":"0","ocean_custom_header_template":"0","ocean_custom_logo":0,"ocean_custom_retina_logo":0,"ocean_custom_logo_max_width":0,"ocean_custom_logo_tablet_max_width":0,"ocean_custom_logo_mobile_max_width":0,"ocean_custom_logo_max_height":0,"ocean_custom_logo_tablet_max_height":0,"ocean_custom_logo_mobile_max_height":0,"ocean_header_custom_menu":"0","ocean_menu_typo_font_family":"0","ocean_menu_typo_font_subset":"","ocean_menu_typo_font_size":0,"ocean_menu_typo_font_size_tablet":0,"ocean_menu_typo_font_size_mobile":0,"ocean_menu_typo_font_size_unit":"px","ocean_menu_typo_font_weight":"","ocean_menu_typo_font_weight_tablet":"","ocean_menu_typo_font_weight_mobile":"","ocean_menu_typo_transform":"","ocean_menu_typo_transform_tablet":"","ocean_menu_typo_transform_mobile":"","ocean_menu_typo_line_height":0,"ocean_menu_typo_line_height_tablet":0,"ocean_menu_typo_line_height_mobile":0,"ocean_menu_typo_line_height_unit":"","ocean_menu_typo_spacing":0,"ocean_menu_typo_spacing_tablet":0,"ocean_menu_typo_spacing_mobile":0,"ocean_menu_typo_spacing_unit":"","ocean_menu_link_color":"","ocean_menu_link_color_hover":"","ocean_menu_link_color_active":"","ocean_menu_link_background":"","ocean_menu_link_hover_background":"","ocean_menu_link_active_background":"","ocean_menu_social_links_bg":"","ocean_menu_social_hover_links_bg":"","ocean_menu_social_links_color":"","ocean_menu_social_hover_links_color":"","ocean_disable_title":"on","ocean_disable_heading":"default","ocean_post_title":"","ocean_post_subheading":"","ocean_post_title_style":"","ocean_post_title_background_color":"","ocean_post_title_background":0,"ocean_post_title_bg_image_position":"","ocean_post_title_bg_image_attachment":"","ocean_post_title_bg_image_repeat":"","ocean_post_title_bg_image_size":"","ocean_post_title_height":0,"ocean_post_title_bg_overlay":0.5,"ocean_post_title_bg_overlay_color":"","ocean_disable_breadcrumbs":"default","ocean_breadcrumbs_color":"","ocean_breadcrumbs_separator_color":"","ocean_breadcrumbs_links_color":"","ocean_breadcrumbs_links_hover_color":"","ocean_display_footer_widgets":"default","ocean_display_footer_bottom":"default","ocean_custom_footer_template":"0","footnotes":""},"class_list":["post-555","page","type-page","status-publish","hentry","entry","owp-thumbs-layout-horizontal","owp-btn-normal","owp-tabs-layout-section","has-no-thumbnails","has-product-nav"],"_links":{"self":[{"href":"https:\/\/elgratx.com\/es\/wp-json\/wp\/v2\/pages\/555","targetHints":{"allow":["GET"]}}],"collection":[{"href":"https:\/\/elgratx.com\/es\/wp-json\/wp\/v2\/pages"}],"about":[{"href":"https:\/\/elgratx.com\/es\/wp-json\/wp\/v2\/types\/page"}],"author":[{"embeddable":true,"href":"https:\/\/elgratx.com\/es\/wp-json\/wp\/v2\/users\/1"}],"replies":[{"embeddable":true,"href":"https:\/\/elgratx.com\/es\/wp-json\/wp\/v2\/comments?post=555"}],"version-history":[{"count":28,"href":"https:\/\/elgratx.com\/es\/wp-json\/wp\/v2\/pages\/555\/revisions"}],"predecessor-version":[{"id":1365,"href":"https:\/\/elgratx.com\/es\/wp-json\/wp\/v2\/pages\/555\/revisions\/1365"}],"wp:attachment":[{"href":"https:\/\/elgratx.com\/es\/wp-json\/wp\/v2\/media?parent=555"}],"curies":[{"name":"wp","href":"https:\/\/api.w.org\/{rel}","templated":true}]}}